{"id":12,"date":"2026-04-15T11:44:21","date_gmt":"2026-04-15T11:44:21","guid":{"rendered":"https:\/\/bcprochr.pre-prod.relativoweb.fr\/?page_id=12"},"modified":"2026-04-16T08:13:53","modified_gmt":"2026-04-16T08:13:53","slug":"concepteur-et-installateur-de-cuisines-professionnelles-a-la-rochelle","status":"publish","type":"page","link":"https:\/\/bcprochr.pre-prod.relativoweb.fr\/","title":{"rendered":"Concepteur et installateur de cuisines professionnelles \u00e0 La Rochelle"},"content":{"rendered":"\t\t<div data-elementor-type=\"wp-page\" data-elementor-id=\"12\" class=\"elementor elementor-12\" data-elementor-post-type=\"page\">\n\t\t\t\t<div class=\"elementor-element elementor-element-f4ae1bc e-flex e-con-boxed e-con e-child\" data-id=\"f4ae1bc\" data-element_type=\"container\" data-e-type=\"container\" data-settings=\"{&quot;background_background&quot;:&quot;slideshow&quot;,&quot;background_slideshow_gallery&quot;:[{&quot;id&quot;:84,&quot;url&quot;:&quot;https:\\\/\\\/bcprochr.pre-prod.relativoweb.fr\\\/wp-content\\\/uploads\\\/2026\\\/04\\\/AdobeStock_595024960-scaled.jpeg&quot;},{&quot;id&quot;:244,&quot;url&quot;:&quot;https:\\\/\\\/bcprochr.pre-prod.relativoweb.fr\\\/wp-content\\\/uploads\\\/2026\\\/04\\\/AdobeStock_595024960-1-scaled.jpeg&quot;}],&quot;background_slideshow_slide_duration&quot;:15000,&quot;background_slideshow_transition_duration&quot;:10000,&quot;background_slideshow_ken_burns&quot;:&quot;yes&quot;,&quot;background_slideshow_loop&quot;:&quot;yes&quot;,&quot;background_slideshow_slide_transition&quot;:&quot;fade&quot;,&quot;background_slideshow_ken_burns_zoom_direction&quot;:&quot;in&quot;}\">\n\t\t\t\t\t<div class=\"e-con-inner\">\n\t\t<div class=\"elementor-element elementor-element-33f9611 e-con-full animated-slow e-flex elementor-invisible e-con e-child\" data-id=\"33f9611\" data-element_type=\"container\" data-e-type=\"container\" data-settings=\"{&quot;animation&quot;:&quot;fadeInUp&quot;}\">\n\t\t\t\t<div class=\"elementor-element elementor-element-55129cb elementor-widget__width-initial elementor-widget elementor-widget-image\" data-id=\"55129cb\" data-element_type=\"widget\" data-e-type=\"widget\" data-widget_type=\"image.default\">\n\t\t\t\t\t\t\t\t\t\t\t\t\t\t\t<img fetchpriority=\"high\" decoding=\"async\" width=\"700\" height=\"127\" src=\"https:\/\/bcprochr.pre-prod.relativoweb.fr\/wp-content\/uploads\/2026\/04\/2-e1776258738392.png\" class=\"attachment-large size-large wp-image-135\" alt=\"\" srcset=\"https:\/\/bcprochr.pre-prod.relativoweb.fr\/wp-content\/uploads\/2026\/04\/2-e1776258738392.png 700w, https:\/\/bcprochr.pre-prod.relativoweb.fr\/wp-content\/uploads\/2026\/04\/2-e1776258738392-300x54.png 300w\" sizes=\"(max-width: 700px) 100vw, 700px\" \/>\t\t\t\t\t\t\t\t\t\t\t\t\t\t\t<\/div>\n\t\t\t\t<div class=\"elementor-element elementor-element-a6cdbb1 elementor-widget elementor-widget-heading\" data-id=\"a6cdbb1\" data-element_type=\"widget\" data-e-type=\"widget\" data-widget_type=\"heading.default\">\n\t\t\t\t\t<p class=\"elementor-heading-title elementor-size-default\">5\/5 sur 14 avis Google <\/p>\t\t\t\t<\/div>\n\t\t\t\t<\/div>\n\t\t\t\t<div class=\"elementor-element elementor-element-aa6bd2c elementor-widget__width-initial animated-slow elementor-invisible elementor-widget elementor-widget-heading\" data-id=\"aa6bd2c\" data-element_type=\"widget\" data-e-type=\"widget\" data-settings=\"{&quot;_animation&quot;:&quot;fadeInUp&quot;,&quot;_animation_delay&quot;:200}\" data-widget_type=\"heading.default\">\n\t\t\t\t\t<h1 class=\"elementor-heading-title elementor-size-default\">Concepteur et installateur de cuisines professionnelles \u00e0 La Rochelle<\/h1>\t\t\t\t<\/div>\n\t\t\t\t<div class=\"elementor-element elementor-element-30fce06 animated-slow elementor-invisible elementor-widget elementor-widget-heading\" data-id=\"30fce06\" data-element_type=\"widget\" data-e-type=\"widget\" data-settings=\"{&quot;_animation&quot;:&quot;fadeInUp&quot;,&quot;_animation_delay&quot;:500}\" data-widget_type=\"heading.default\">\n\t\t\t\t\t<p class=\"elementor-heading-title elementor-size-default\">BC PRO CHR, votre sp\u00e9cialiste de cuisines professionnelles en Charente maritime<\/p>\t\t\t\t<\/div>\n\t\t<div class=\"elementor-element elementor-element-b35cf89 e-con-full animated-slow e-flex elementor-invisible e-con e-child\" data-id=\"b35cf89\" data-element_type=\"container\" data-e-type=\"container\" data-settings=\"{&quot;animation&quot;:&quot;fadeInUp&quot;,&quot;animation_delay&quot;:800}\">\n\t\t\t\t<div class=\"elementor-element elementor-element-317937a elementor-widget elementor-widget-button\" data-id=\"317937a\" data-element_type=\"widget\" data-e-type=\"widget\" data-widget_type=\"button.default\">\n\t\t\t\t\t\t\t\t\t\t<a class=\"elementor-button elementor-button-link elementor-size-sm\" href=\"#\">\n\t\t\t\t\t\t<span class=\"elementor-button-content-wrapper\">\n\t\t\t\t\t\t<span class=\"elementor-button-icon\">\n\t\t\t\t<svg xmlns=\"http:\/\/www.w3.org\/2000\/svg\" id=\"Layer_1\" height=\"512\" viewBox=\"0 0 24 24\" width=\"512\" data-name=\"Layer 1\"><path d=\"m17 14a1 1 0 0 1 -1 1h-8a1 1 0 0 1 0-2h8a1 1 0 0 1 1 1zm-4 3h-5a1 1 0 0 0 0 2h5a1 1 0 0 0 0-2zm9-6.515v8.515a5.006 5.006 0 0 1 -5 5h-10a5.006 5.006 0 0 1 -5-5v-14a5.006 5.006 0 0 1 5-5h4.515a6.958 6.958 0 0 1 4.95 2.05l3.484 3.486a6.951 6.951 0 0 1 2.051 4.949zm-6.949-7.021a5.01 5.01 0 0 0 -1.051-.78v4.316a1 1 0 0 0 1 1h4.316a4.983 4.983 0 0 0 -.781-1.05zm4.949 7.021c0-.165-.032-.323-.047-.485h-4.953a3 3 0 0 1 -3-3v-4.953c-.162-.015-.321-.047-.485-.047h-4.515a3 3 0 0 0 -3 3v14a3 3 0 0 0 3 3h10a3 3 0 0 0 3-3z\"><\/path><\/svg>\t\t\t<\/span>\n\t\t\t\t\t\t\t\t\t<span class=\"elementor-button-text\">Commencer mon projet <\/span>\n\t\t\t\t\t<\/span>\n\t\t\t\t\t<\/a>\n\t\t\t\t\t\t\t\t<\/div>\n\t\t\t\t<div class=\"elementor-element elementor-element-a18b067 elementor-widget elementor-widget-button\" data-id=\"a18b067\" data-element_type=\"widget\" data-e-type=\"widget\" data-widget_type=\"button.default\">\n\t\t\t\t\t\t\t\t\t\t<a class=\"elementor-button elementor-button-link elementor-size-sm\" href=\"#\">\n\t\t\t\t\t\t<span class=\"elementor-button-content-wrapper\">\n\t\t\t\t\t\t<span class=\"elementor-button-icon\">\n\t\t\t\t<svg xmlns=\"http:\/\/www.w3.org\/2000\/svg\" id=\"Layer_1\" data-name=\"Layer 1\" viewBox=\"0 0 24 24\"><path d=\"m3.688,24c-.032,0-.063,0-.095,0-1.022-.027-1.963-.462-2.649-1.224-1.269-1.409-1.157-3.784.244-5.185l5.868-5.867c.253-.254.344-.631.241-1.009-.358-1.318-.393-2.676-.102-4.036C7.903,3.364,10.626.735,13.972.137c1.006-.18,2.015-.184,3.002-.007.731.129,1.299.625,1.52,1.325.251.799-.003,1.681-.682,2.359l-2.247,2.217c-.658.658-.758,1.69-.222,2.345.308.378.742.598,1.222.622.472.02.936-.155,1.271-.489l2.58-2.55c.539-.539,1.332-.735,2.07-.501.723.227,1.254.828,1.385,1.567h0c.175.987.172,1.998-.007,3.003-.6,3.347-3.229,6.07-6.544,6.777-1.363.291-2.721.256-4.036-.103-.377-.104-.754-.012-1.008.241l-5.976,5.975c-.69.69-1.637,1.081-2.612,1.081ZM15.61,1.993c-.422,0-.854.035-1.286.112-2.554.457-4.634,2.463-5.174,4.991-.224,1.045-.198,2.086.076,3.093.29,1.062,0,2.191-.756,2.948l-5.868,5.867c-.65.65-.732,1.81-.171,2.433.315.35.747.55,1.215.562.461.019.909-.163,1.241-.494l5.975-5.975c.755-.755,1.885-1.047,2.948-.757,1.004.274,2.045.3,3.093.076,2.528-.539,4.534-2.618,4.992-5.174.138-.772.14-1.547.006-2.301v-.007s-2.655,2.559-2.655,2.559c-.729.729-1.744,1.136-2.781,1.068-1.036-.052-2.009-.545-2.669-1.353-1.179-1.439-1.021-3.649.361-5.03l2.247-2.217c.179-.18.191-.314.184-.341-.315-.039-.643-.062-.976-.062Z\"><\/path><\/svg>\t\t\t<\/span>\n\t\t\t\t\t\t\t\t\t<span class=\"elementor-button-text\">Besoin d'un d\u00e9pannage ?<\/span>\n\t\t\t\t\t<\/span>\n\t\t\t\t\t<\/a>\n\t\t\t\t\t\t\t\t<\/div>\n\t\t\t\t<\/div>\n\t\t\t\t<div class=\"elementor-element elementor-element-7c8d5fe elementor-widget__width-initial elementor-widget elementor-widget-image-carousel\" data-id=\"7c8d5fe\" data-element_type=\"widget\" data-e-type=\"widget\" data-settings=\"{&quot;slides_to_show&quot;:&quot;7&quot;,&quot;navigation&quot;:&quot;none&quot;,&quot;image_spacing_custom&quot;:{&quot;unit&quot;:&quot;px&quot;,&quot;size&quot;:71,&quot;sizes&quot;:[]},&quot;autoplay&quot;:&quot;yes&quot;,&quot;pause_on_hover&quot;:&quot;yes&quot;,&quot;pause_on_interaction&quot;:&quot;yes&quot;,&quot;autoplay_speed&quot;:5000,&quot;infinite&quot;:&quot;yes&quot;,&quot;speed&quot;:500,&quot;image_spacing_custom_tablet&quot;:{&quot;unit&quot;:&quot;px&quot;,&quot;size&quot;:&quot;&quot;,&quot;sizes&quot;:[]},&quot;image_spacing_custom_mobile&quot;:{&quot;unit&quot;:&quot;px&quot;,&quot;size&quot;:&quot;&quot;,&quot;sizes&quot;:[]}}\" data-widget_type=\"image-carousel.default\">\n\t\t\t\t\t\t\t<div class=\"elementor-image-carousel-wrapper swiper\" role=\"region\" aria-roledescription=\"carousel\" aria-label=\"Carrousel d\u2019images\" dir=\"ltr\">\n\t\t\t<div class=\"elementor-image-carousel swiper-wrapper\" aria-live=\"off\">\n\t\t\t\t\t\t\t\t<div class=\"swiper-slide\" role=\"group\" aria-roledescription=\"slide\" aria-label=\"1 sur 8\"><figure class=\"swiper-slide-inner\"><img decoding=\"async\" class=\"swiper-slide-image\" src=\"https:\/\/bcprochr.pre-prod.relativoweb.fr\/wp-content\/uploads\/2026\/04\/MATELEC-17-700-x-700-px-3-150x150.png\" alt=\"MAT\u2019ELEC 17 (700 x 700 px) (3)\" \/><\/figure><\/div><div class=\"swiper-slide\" role=\"group\" aria-roledescription=\"slide\" aria-label=\"2 sur 8\"><figure class=\"swiper-slide-inner\"><img decoding=\"async\" class=\"swiper-slide-image\" src=\"https:\/\/bcprochr.pre-prod.relativoweb.fr\/wp-content\/uploads\/2026\/04\/MATELEC-17-700-x-700-px-6-150x150.png\" alt=\"MAT\u2019ELEC 17 (700 x 700 px) (6)\" \/><\/figure><\/div><div class=\"swiper-slide\" role=\"group\" aria-roledescription=\"slide\" aria-label=\"3 sur 8\"><figure class=\"swiper-slide-inner\"><img decoding=\"async\" class=\"swiper-slide-image\" src=\"https:\/\/bcprochr.pre-prod.relativoweb.fr\/wp-content\/uploads\/2026\/04\/MATELEC-17-700-x-700-px-4-150x150.png\" alt=\"MAT\u2019ELEC 17 (700 x 700 px) (4)\" \/><\/figure><\/div><div class=\"swiper-slide\" role=\"group\" aria-roledescription=\"slide\" aria-label=\"4 sur 8\"><figure class=\"swiper-slide-inner\"><img decoding=\"async\" class=\"swiper-slide-image\" src=\"https:\/\/bcprochr.pre-prod.relativoweb.fr\/wp-content\/uploads\/2026\/04\/MATELEC-17-700-x-700-px-8-150x150.png\" alt=\"MAT\u2019ELEC 17 (700 x 700 px) (8)\" \/><\/figure><\/div><div class=\"swiper-slide\" role=\"group\" aria-roledescription=\"slide\" aria-label=\"5 sur 8\"><figure class=\"swiper-slide-inner\"><img decoding=\"async\" class=\"swiper-slide-image\" src=\"https:\/\/bcprochr.pre-prod.relativoweb.fr\/wp-content\/uploads\/2026\/04\/MATELEC-17-700-x-700-px-7-150x150.png\" alt=\"MAT\u2019ELEC 17 (700 x 700 px) (7)\" \/><\/figure><\/div><div class=\"swiper-slide\" role=\"group\" aria-roledescription=\"slide\" aria-label=\"6 sur 8\"><figure class=\"swiper-slide-inner\"><img decoding=\"async\" class=\"swiper-slide-image\" src=\"https:\/\/bcprochr.pre-prod.relativoweb.fr\/wp-content\/uploads\/2026\/04\/MATELEC-17-700-x-700-px-5-150x150.png\" alt=\"MAT\u2019ELEC 17 (700 x 700 px) (5)\" \/><\/figure><\/div><div class=\"swiper-slide\" role=\"group\" aria-roledescription=\"slide\" aria-label=\"7 sur 8\"><figure class=\"swiper-slide-inner\"><img decoding=\"async\" class=\"swiper-slide-image\" src=\"https:\/\/bcprochr.pre-prod.relativoweb.fr\/wp-content\/uploads\/2026\/04\/MATELEC-17-700-x-700-px-9-150x150.png\" alt=\"MAT\u2019ELEC 17 (700 x 700 px) (9)\" \/><\/figure><\/div><div class=\"swiper-slide\" role=\"group\" aria-roledescription=\"slide\" aria-label=\"8 sur 8\"><figure class=\"swiper-slide-inner\"><img decoding=\"async\" class=\"swiper-slide-image\" src=\"https:\/\/bcprochr.pre-prod.relativoweb.fr\/wp-content\/uploads\/2026\/04\/MATELEC-17-700-x-700-px-10-150x150.png\" alt=\"MAT\u2019ELEC 17 (700 x 700 px) (10)\" \/><\/figure><\/div>\t\t\t<\/div>\n\t\t\t\t\t\t\t\n\t\t\t\t\t\t\t\t\t<\/div>\n\t\t\t\t\t\t<\/div>\n\t\t\t\t\t<\/div>\n\t\t\t\t<\/div>\n\t\t<div class=\"elementor-element elementor-element-c097bcd e-flex e-con-boxed e-con e-parent\" data-id=\"c097bcd\" data-element_type=\"container\" data-e-type=\"container\">\n\t\t\t\t\t<div class=\"e-con-inner\">\n\t\t<div class=\"elementor-element elementor-element-b61c888 e-con-full e-flex e-con e-child\" data-id=\"b61c888\" data-element_type=\"container\" data-e-type=\"container\" data-settings=\"{&quot;background_background&quot;:&quot;classic&quot;}\">\n\t\t\t\t<div class=\"elementor-element elementor-element-424b0f6 elementor-widget elementor-widget-heading\" data-id=\"424b0f6\" data-element_type=\"widget\" data-e-type=\"widget\" data-widget_type=\"heading.default\">\n\t\t\t\t\t<h2 class=\"elementor-heading-title elementor-size-default\">Installateur de cuisine professionnelle \u00e0 La Rochelle, \u00eele de r\u00e9 et toute sa p\u00e9riph\u00e9rie<\/h2>\t\t\t\t<\/div>\n\t\t\t\t<div class=\"elementor-element elementor-element-d69892f elementor-widget elementor-widget-text-editor\" data-id=\"d69892f\" data-element_type=\"widget\" data-e-type=\"widget\" data-widget_type=\"text-editor.default\">\n\t\t\t\t\t\t\t\t\t<p data-start=\"0\" data-end=\"592\">Cr\u00e9\u00e9e en 2017, <strong data-start=\"15\" data-end=\"29\">BC PRO CHR<\/strong> est votre sp\u00e9cialiste de la <strong data-start=\"58\" data-end=\"108\">cuisine professionnelle \u00e0 La Rochelle<\/strong>, intervenant sur l\u2019ensemble du secteur rochelais. Nous accompagnons les professionnels de la restauration, de l\u2019h\u00f4tellerie et des m\u00e9tiers de bouche dans tous leurs projets gr\u00e2ce \u00e0 une offre compl\u00e8te : <strong data-start=\"310\" data-end=\"395\">vente, conseil, conception, installation, maintenance et d\u00e9pannage toutes marques<\/strong> de mat\u00e9riel de cuisine professionnelle. Notre expertise couvre l\u2019ensemble des \u00e9quipements indispensables : mat\u00e9riel de cuisson, froid commercial, ventilation, laverie et pr\u00e9paration alimentaire.<\/p><p data-start=\"594\" data-end=\"1251\" data-is-last-node=\"\" data-is-only-node=\"\">Notre m\u00e9tier repose sur un accompagnement global, de l\u2019\u00e9tude de vos besoins \u00e0 la mise en service de vos \u00e9quipements, en passant par la <strong data-start=\"729\" data-end=\"779\">vente ou la location de mat\u00e9riel professionnel<\/strong>, ainsi que le <strong data-start=\"794\" data-end=\"825\">service apr\u00e8s-vente r\u00e9actif<\/strong>. Gr\u00e2ce \u00e0 notre \u00e9quipe de <strong data-start=\"851\" data-end=\"893\">frigoristes et installateurs qualifi\u00e9s<\/strong>, form\u00e9s en continu aux derni\u00e8res innovations et aux normes en vigueur (hygi\u00e8ne alimentaire, environnement, manipulation des fluides frigorig\u00e8nes), nous garantissons des installations fiables, conformes et durables. Avec BC PRO CHR, vous b\u00e9n\u00e9ficiez d\u2019un partenaire de confiance pour optimiser la performance et la conformit\u00e9 de votre cuisine professionnelle.<\/p>\t\t\t\t\t\t\t\t<\/div>\n\t\t\t\t<\/div>\n\t\t<div class=\"elementor-element elementor-element-1db1aac e-con-full e-flex e-con e-child\" data-id=\"1db1aac\" data-element_type=\"container\" data-e-type=\"container\">\n\t\t\t\t<div class=\"elementor-element elementor-element-82a3a50 elementor-widget elementor-widget-image\" data-id=\"82a3a50\" data-element_type=\"widget\" data-e-type=\"widget\" data-widget_type=\"image.default\">\n\t\t\t\t\t\t\t\t\t\t\t\t\t\t\t<img decoding=\"async\" width=\"800\" height=\"534\" src=\"https:\/\/bcprochr.pre-prod.relativoweb.fr\/wp-content\/uploads\/2026\/04\/AdobeStock_595024960-1024x683.jpeg\" class=\"attachment-large size-large wp-image-84\" alt=\"\" srcset=\"https:\/\/bcprochr.pre-prod.relativoweb.fr\/wp-content\/uploads\/2026\/04\/AdobeStock_595024960-1024x683.jpeg 1024w, https:\/\/bcprochr.pre-prod.relativoweb.fr\/wp-content\/uploads\/2026\/04\/AdobeStock_595024960-300x200.jpeg 300w, https:\/\/bcprochr.pre-prod.relativoweb.fr\/wp-content\/uploads\/2026\/04\/AdobeStock_595024960-768x512.jpeg 768w, https:\/\/bcprochr.pre-prod.relativoweb.fr\/wp-content\/uploads\/2026\/04\/AdobeStock_595024960-1536x1024.jpeg 1536w, https:\/\/bcprochr.pre-prod.relativoweb.fr\/wp-content\/uploads\/2026\/04\/AdobeStock_595024960-2048x1365.jpeg 2048w\" sizes=\"(max-width: 800px) 100vw, 800px\" \/>\t\t\t\t\t\t\t\t\t\t\t\t\t\t\t<\/div>\n\t\t\t\t<div class=\"elementor-element elementor-element-9dbe535 elementor-widget elementor-widget-image\" data-id=\"9dbe535\" data-element_type=\"widget\" data-e-type=\"widget\" data-widget_type=\"image.default\">\n\t\t\t\t\t\t\t\t\t\t\t\t\t\t\t<img decoding=\"async\" width=\"800\" height=\"530\" src=\"https:\/\/bcprochr.pre-prod.relativoweb.fr\/wp-content\/uploads\/2026\/04\/istockphoto-178572488-1024x1024-1.png\" class=\"attachment-large size-large wp-image-60\" alt=\"\" srcset=\"https:\/\/bcprochr.pre-prod.relativoweb.fr\/wp-content\/uploads\/2026\/04\/istockphoto-178572488-1024x1024-1.png 1024w, https:\/\/bcprochr.pre-prod.relativoweb.fr\/wp-content\/uploads\/2026\/04\/istockphoto-178572488-1024x1024-1-300x199.png 300w, https:\/\/bcprochr.pre-prod.relativoweb.fr\/wp-content\/uploads\/2026\/04\/istockphoto-178572488-1024x1024-1-768x509.png 768w\" sizes=\"(max-width: 800px) 100vw, 800px\" \/>\t\t\t\t\t\t\t\t\t\t\t\t\t\t\t<\/div>\n\t\t\t\t<\/div>\n\t\t\t\t\t<\/div>\n\t\t\t\t<\/div>\n\t\t\t\t<\/div>\n\t\t","protected":false},"excerpt":{"rendered":"<p>5\/5 sur 14 avis Google Concepteur et installateur de cuisines professionnelles \u00e0 La Rochelle BC PRO CHR, votre sp\u00e9cialiste de cuisines professionnelles en Charente maritime Commencer mon projet Besoin d&rsquo;un d\u00e9pannage ? Installateur de cuisine professionnelle \u00e0 La Rochelle, \u00eele de r\u00e9 et toute sa p\u00e9riph\u00e9rie Cr\u00e9\u00e9e en 2017, BC PRO CHR est votre sp\u00e9cialiste [&hellip;]<\/p>\n","protected":false},"author":1,"featured_media":0,"parent":0,"menu_order":0,"comment_status":"closed","ping_status":"closed","template":"","meta":{"footnotes":""},"class_list":["post-12","page","type-page","status-publish","hentry"],"_links":{"self":[{"href":"https:\/\/bcprochr.pre-prod.relativoweb.fr\/index.php\/wp-json\/wp\/v2\/pages\/12","targetHints":{"allow":["GET"]}}],"collection":[{"href":"https:\/\/bcprochr.pre-prod.relativoweb.fr\/index.php\/wp-json\/wp\/v2\/pages"}],"about":[{"href":"https:\/\/bcprochr.pre-prod.relativoweb.fr\/index.php\/wp-json\/wp\/v2\/types\/page"}],"author":[{"embeddable":true,"href":"https:\/\/bcprochr.pre-prod.relativoweb.fr\/index.php\/wp-json\/wp\/v2\/users\/1"}],"replies":[{"embeddable":true,"href":"https:\/\/bcprochr.pre-prod.relativoweb.fr\/index.php\/wp-json\/wp\/v2\/comments?post=12"}],"version-history":[{"count":274,"href":"https:\/\/bcprochr.pre-prod.relativoweb.fr\/index.php\/wp-json\/wp\/v2\/pages\/12\/revisions"}],"predecessor-version":[{"id":333,"href":"https:\/\/bcprochr.pre-prod.relativoweb.fr\/index.php\/wp-json\/wp\/v2\/pages\/12\/revisions\/333"}],"wp:attachment":[{"href":"https:\/\/bcprochr.pre-prod.relativoweb.fr\/index.php\/wp-json\/wp\/v2\/media?parent=12"}],"curies":[{"name":"wp","href":"https:\/\/api.w.org\/{rel}","templated":true}]}}